{"id":3110,"date":"2022-02-14T13:03:44","date_gmt":"2022-02-14T12:03:44","guid":{"rendered":"https:\/\/bstack.pl\/bitspiration\/"},"modified":"2025-11-25T12:26:18","modified_gmt":"2025-11-25T11:26:18","slug":"bitspiration","status":"publish","type":"page","link":"https:\/\/bstack.pl\/pl\/","title":{"rendered":"Bitspiration"},"content":{"rendered":"<div class=\"header-homepage-2023\" style=\"padding-top: 87px; margin-top: 0px;\">\r\n<div class=\"header-description gridContainer content-on-center\">\r\n<div class=\"row header-description-row middle-sm\">\r\n<div class=\"header-content header-content-centered col-md col-xs-12\">\r\n<div class=\"baner_4dev_top\">\r\n\r\n\r\n<span class=\"new_date\">Build<br>to<br>survive<\/span>\r\n<span class=\"claim_bit\">Resilient Tech.<\/span>\r\n<p class=\"claim_bit_txt\">\r\n\tBitspiration Stack to dwa dni dla ludzi, kt\u00f3rzy naprawd\u0119 staraj\u0105 si\u0119 \u201cco\u015b\u201d zbudowa\u0107. Tech-Founder\u00f3w i CTO, kt\u00f3rzy marz\u0105c o unicornach, wiedz\u0105, \u017ce zanim w stajni zobacz\u0105 jednoro\u017cca, czeka ich pot, \u0142zy, nieprzespane noce i ci\u0105g\u0142a walka, by produkt dzia\u0142a\u0142.\r\n<\/p>\r\n<p class=\"claim_bit_place\"><a href=\"https:\/\/maps.app.goo.gl\/8JtfqRhk6ncQuwe89\" target=\"_blank\">Stary Dworzec PKP Krak\u00f3w G\u0142\u00f3wny,<\/a><\/p>\t\t\r\n<p class=\"claim_bit_data\">27-28.11.2025<\/p>\t\r\n\t\r\n<a href=\"https:\/\/eventory.cc\/event\/bitspiration-stack\/tickets\" target=\"_blank\" rel=\"noopener\" class=\"btn_a\"><div class=\"box\"><span class=\"btn_txt_reg\">REJESTRACJA<\/span><\/div><\/a>\r\n<!--\r\n<a href=\"https:\/\/eventory.cc\/event\/the-light-summit-2025\/tickets\" target=\"_blank\" rel=\"noopener\"><img decoding=\"async\" src=\"\/wp-content\/uploads\/2025\/04\/kup-bilet-btn.png\" alt=\"\" loading=\"lazy\" \/><\/a>\r\n\t-->\r\n\r\n<\/div>\r\n<\/div>\r\n<\/div>\r\n<\/div>\r\n<div class=\"split-header\"><\/div>\r\n<\/div>\r\n\r\n\r\n<div class=\"content-section content-section-spacing light-mob\" data-overlap=\"true\" id=\"about\">\r\n<div class=\"gridContainer\">\r\n<div class=\"row\">\r\n\r\n<div class=\"col-md-12 row\" data-type=\"column\">\r\n\t<h2 class=\"czerwony text-left\">What\u2019s in the Stack<\/h2>\r\n\t\r\n<div class=\"row\">\r\n\t<p class=\"p_dark\">\r\n<span class=\"podkreslennie_czerwony\">Startup to nie bajka.<\/span><br>\r\nTo horror klasy B: plany padaj\u0105 w \u015brodku nocy, demo rozwala si\u0119 tu\u017c przed prezentacj\u0105 dla inwestora, a kasa ko\u0144czy si\u0119 szybciej ni\u017c kawa w biurze.\r\n<br><br>\r\n<span class=\"podkreslennie_czerwony\">Nie ma szko\u0142y, kt\u00f3ra uczy co to znaczy, byc tech-founderem. Jest tylko praktyka.\r\n<\/span>\tBitspiration Stack to nie konferencja o \u201einnowacjach przysz\u0142o\u015bci\u201d. Takich, gdzie \u201ceksperci\u201d opowiadaj\u0105 jak dzi\u0119ki Excelowi zbudowa\u0107 firm\u0119. To raczej grupa wsparcia dla ludzi, kt\u00f3rzy uznali, \u017ce dobrym pomys\u0142em jest zbudowa\u0107 startup deep-tech. \r\n\t<br><br>\t\t\r\nWi\u0119kszo\u015b\u0107 prelegent\u00f3w mia\u0142a zbli\u017cone do\u015bwiadczenia. Walki z czasem, z technologia, zarz\u0105dzaniem lud\u017ami, czy pivotami produktu. Czuli samotno\u015b\u0107 i cz\u0119sto pope\u0142niali b\u0142\u0119dy. \r\n<br><br>\t\t\r\n<span class=\"podkreslennie_czerwony\">Jak mawia\u0142 Don Valentine \u201cI went to Fairchild Semiconductor Business School\u201d.<\/span>\r\n<br><br>\t\t\r\nPrzyjd\u017a i pos\u0142uchaj historie o tym, jak CTO lutowa\u0142 kabel godzin\u0119 przed demo. Albo jak founder policzy\u0142, \u017ce kasa wystarczy tylko na trzy miesi\u0105ce &#8211; i jako\u015b prze\u017cy\u0142.\r\n<br><br>\r\n<span class=\"podkreslennie_czerwony\">Zero klepania si\u0119 po ramionach, zero marketingowych gadek. <\/span> Tylko niedu\u017ca grupa zweryfikowanych uczestnik\u00f3w, kt\u00f3rzy wiedz\u0105, \u017ce startup to szko\u0142a \u017cycia, a jednocze\u015bnie szko\u0142a przetrwania.\r\n<\/p>\r\n<\/div>\r\n<\/div>\r\n\r\n\t<div class=\"col-md-12 row\" data-type=\"column\" style=\"margin-top: 100px\">\r\n\t<h2 class=\"zolty text-left\">Dlaczego warto si\u0119 pojawi\u0107?<\/h2>\r\n\t\r\n<div class=\"row\">\r\n<p class=\"p_dark\">\r\n<span class=\"podkreslennie_zolty\">Budowanie startupu bardziej przypomina survival w d\u017cungli &#8211; bez mapy i kompasu &#8211; ni\u017c bajk\u0119 o unicornie.<\/span> Masz troch\u0119 narz\u0119dzi, sporo wiary i zero gwarancji, \u017ce wyjdziesz z tego \u017cywy.\r\n<br><br>\r\nNa Bitspiration Stack spotkasz: tech-founder\u00f3w i CTO, kt\u00f3rzy prze\u017cyli sw\u00f3j horror\/bajk\u0119\/przygod\u0119 (niepotrzebne skre\u015bli\u0107, jednocze\u015bnie wszystkie odpowiedzi mog\u0105 by\u0107 prawdziwe) i dziel\u0105 si\u0119 tym, co dzia\u0142a, co zawiod\u0142o i jak nie zwariowa\u0107 po drodze. Cho\u0107 to ostatnie jest najtrudniejsze.\r\n<br><br>\t\r\n<span class=\"podkreslennie_zolty\">Dwa dni szczerych rozm\u00f3w, paneli bez \u015bciemy i kontakt\u00f3w, kt\u00f3re zostaj\u0105 na d\u0142ugo.<\/span>\r\n<\/p>\r\n<\/div>\r\n<\/div>\r\n\t\r\n<\/div>\r\n<\/div>\r\n<\/div>\r\n\r\n<div class=\"content-section content-section-spacing light-mob\" data-overlap=\"true\" id=\"stack_pack\">\r\n<div class=\"gridContainer\">\r\n<div class=\"row\">\r\n\r\n<div class=\"col-md-12 row\" data-type=\"column\">\r\n\t<h2 class=\"bialy text-left stack_h2\">The Bitspiration<br>Stack Pack<\/h2>\r\n\t\r\n<div class=\"row text-center\">\r\n\t<div class=\"col-md-6\">\r\n\t\t<h3 class=\"stack_head_niebieski\">Verified<br>Survivors <\/h3>\r\n\t\t<p class=\"p_light_stack\">\u017cadnej turystyki eventowej, tylko tech-founderzy, CTO i in\u017cynierowie, kt\u00f3rzy dziel\u0105 si\u0119 do\u015bwiadczeniem<\/p>\r\n\t<\/div>\r\n\t\r\n\t<div class=\"col-md-6\">\r\n\t\t<h3 class=\"stack_head_zolty\">Real<br>Lessons<\/h3>\r\n\t\t<p class=\"p_light_stack\">brak \u201ebuzzwords\u201d, tylko historie o zarz\u0105dzaniu projektami z okrojonym bud\u017cetem, demo klejonym na ostatni\u0105 chwil\u0119, realizacjami potrzeb klient\u00f3w bez posiadania w\u0142a\u015bciwych zasob\u00f3w<\/p>\r\n\t<\/div>\r\n\t<div class=\"col-md-6\">\r\n\t\t<h3 class=\"stack_head_czerwony\">True<br>Connections<\/h3>\r\n\t\t<p class=\"p_light_stack\">kameralna przestrze\u0144 i spo\u0142eczno\u015b\u0107, kt\u00f3ra naprawd\u0119 sprzyja nawi\u0105zywaniu relacji<\/p>\r\n\t<\/div>\r\n\t<div class=\"col-md-6\">\r\n\t\t<h3 class=\"stack_head_zielony\">Hard Tech<br>Real Impact<\/h3>\r\n\t\t<p class=\"p_light_stack\">AI, biotech, defence &#8211; tu powstaj\u0105 rzeczy, kt\u00f3re maj\u0105 szans\u0119 zmieni\u0107 \u015bwiat<\/p>\r\n\t<\/div>\r\n\t\r\n<\/div>\r\n<\/div>\r\n\t\r\n<\/div>\r\n<\/div>\r\n<\/div>\r\n\r\n<div class=\"content-section content-section-spacing light-mob\" data-overlap=\"true\" id=\"start_stacking\">\r\n<div class=\"gridContainer\">\r\n<div class=\"row\">\r\n\r\n<div class=\"col-md-12 row\" data-type=\"column\">\r\n\t<div class=\"col-md-7\">\r\n\t\t<h2 class=\"zielony text-left\">Stop Lurking.<br>Start Stacking.<\/h2>\r\n\t\t<p class=\"p_dark\">\r\n<span class=\"podkreslennie_zielony\">Don\u2019t just attend. It\u2019s always better to be a dungeon master than just an attendee.<\/span>\r\n\t<br><br>\t\t\r\nZarejestruj si\u0119 i do\u0142\u0105cz do grona ludzi, kt\u00f3rzy wiedz\u0105, \u017ce startup to nie \u201clatte do po\u0142udnia w przyjemnej kawiarni\u201d, tylko codzienna walka o przetrwanie do jutra.\r\n<\/p>\r\n\t\t\r\n<a href=\"https:\/\/eventory.cc\/event\/bitspiration-stack\" target=\"_blank\" rel=\"noopener\" class=\"btn_a\"><div class=\"box\"><span class=\"btn_txt_reg\">REJESTRACJA<\/span><\/div><\/a>\r\n\t\t\r\n\t<\/div>\t\r\n\t<div class=\"col-md-5\">\r\n\t\t<img decoding=\"async\" src=\"\/wp-content\/uploads\/2025\/09\/kostka.png\" alt=\"\" loading=\"lazy\" class=\"lurking_desk\"\/>\r\n\t\t<img decoding=\"async\" src=\"\/wp-content\/uploads\/2025\/09\/kostka-1.png\" alt=\"\" loading=\"lazy\" class=\"lurking_mob\"\/>\r\n\t<\/div>\t\r\n<\/div>\r\n<\/div>\r\n<\/div>\r\n<\/div>\r\n\r\n\r\n<div data-label=\"speakers\" data-id=\"about--2\" data-export-id=\"speakers\" data-category=\"speakers\" class=\"speakers content-section content-section-spacing\" id=\"speakers\">\r\n<div class=\"gridContainer\">\r\n<div class=\"fluid\">\r\n<div class=\"row middle-sm text-center\">\r\n<div class=\"col-md-12\">\r\n<div class=\"row\">\r\n<div data-type=\"column\" class=\"\">\r\n<h2 class=\"bialy text-left stack_h2\">Prelegenci<\/h2>\r\n<\/div>\r\n<\/div>\r\n<div class=\"\">\r\n<div class=\"eventory-speakers\" data-event-id=\"5730\" data-bio-url=\"\/about-speaker#\" style=\"margin-bottom: 60px!important; margin: auto;\" data-public-key=\"5730.BqSS3D6OSsemvAaklXM7pVPzOoo\"><\/div>\r\n<\/div>\r\n\t<!--\r\n<div class=\"row\"><a class=\"m-btn see-all-top-btn\" href=\"#\" target=\"_self\" rel=\"noopener\">\r\n<span class=\"text\">SEE ALL<\/span>\r\n<\/a><\/div>\r\n\t-->\r\n<\/div>\r\n<\/div>\r\n<\/div>\r\n<\/div>\r\n<\/div>\r\n\r\n\r\n\r\n<div data-label=\"schedule\" data-id=\"about--2\" data-export-id=\"schedule\" data-category=\"schedule\" class=\"speakers content-section content-section-spacing\" id=\"schedule\">\r\n<div class=\"gridContainer\">\r\n<div class=\"fluid\">\r\n<div class=\"row middle-sm text-center\">\r\n<div class=\"col-md-12\">\r\n<div class=\"row\">\r\n\r\n<h2 class=\"niebieski text-left\">Agenda<\/h2>\r\n\r\n<\/div>\r\n\r\n<div class=\"data-btn-schedule\" data-type=\"column\">\r\n<div id=\"day1\" class=\"button color1\">27.11.2025<\/div>\r\n<div id=\"day2\" class=\"button color12\">28.11.2025<\/div>\r\n<\/div>\r\n\t\r\n<div class=\"dzien1\">\r\n<div class=\"eventory-schedule\" data-event-id=\"5730\" data-hour24=\"true\" data-show-day=\"0\" data-lang=\"en\" data-bio-url=\"\/about-speaker\" data-lecture-url=\"\/lecture\" data-public-key=\"5730.BqSS3D6OSsemvAaklXM7pVPzOoo\"><\/div>\r\n<\/div>\r\n<div class=\"dzien2 dayhide\">\r\n<div class=\"eventory-schedule\" data-event-id=\"5730\" data-hour24=\"true\" data-show-day=\"1\" data-lang=\"en\" data-bio-url=\"\/about-speaker\" data-lecture-url=\"\/lecture\" data-public-key=\"5730.BqSS3D6OSsemvAaklXM7pVPzOoo\"><\/div>\r\n<\/div>\r\n\r\n<p style=\"margin: auto; text-align: center;\">* The organizers reserve the right to make changes to the conference program.<\/p>\r\n\r\n<\/div>\r\n<\/div>\r\n<\/div>\r\n<\/div>\r\n<\/div>\r\n\r\n<div class=\"content-section content-section-spacing light-mob\" data-overlap=\"true\" id=\"map\">\r\n<div class=\"gridContainer\">\r\n<div class=\"row\">\r\n\r\n<div class=\"col-md-12 row\" data-type=\"column\">\r\n\t<h2 class=\"bialy text-left stack_h2\">Mapa<\/h2>\r\n\t\r\n<div class=\"row text-center\">\r\n\t<div class=\"col-md-12\">\r\n\t\t<img decoding=\"async\" src=\"\/wp-content\/uploads\/2025\/11\/mapa_obiektu_bitspiration.png\" alt=\"\" loading=\"lazy\" class=\"\">\r\n\t<\/div>\r\n<\/div>\r\n<\/div>\r\n<\/div>\r\n<\/div>\r\n<\/div>\r\n\r\n<section class=\"text-left\" id=\"partnerzy\">\r\n<div class=\"gridContainer\">\r\n<div class=\"row text-left \">\r\n<div class=\"col-md-12\" style=\"margin-bottom: 40px\">\r\n<h2 class=\"bialy text-left\">Partnerzy<\/h2>\r\n<\/div>\r\n\t\r\n<div class=\"eventory-partners\" data-event-id=\"5730\" style=\"margin-bottom: 60px!important; margin: auto;\" data-public-key=\"5730.BqSS3D6OSsemvAaklXM7pVPzOoo\"><\/div>\t\r\n<\/div>\r\n<\/div>\r\n<\/section>\r\n\r\n\r\n<section class=\"text-left\" id=\"partnerzy\">\r\n<div class=\"gridContainer\">\r\n<div class=\"row text-left \">\r\n<div class=\"col-md-12\" style=\"margin-bottom: 10px\">\r\n<h2 class=\"bialy text-left\">Zosta\u0144 partnerem <\/h2>\r\n<\/div>\r\n<p class=\"p_light_stack\" style=\"color: #303030;\">Poka\u017c, \u017ce Twoja firma wspiera tych, kt\u00f3rzy naprawd\u0119 buduj\u0105 przysz\u0142o\u015b\u0107. W Krakowie spotkasz founder\u00f3w, CTO i in\u017cynier\u00f3w, kt\u00f3rzy wiedz\u0105, \u017ce startup to nie bajka, tylko codzienna walka o przetrwanie.\r\n<br><br>\r\nMo\u017cesz wej\u015b\u0107 w prawdziw\u0105 interakcj\u0119 z uczestnikami: dzieli\u0107 si\u0119 do\u015bwiadczeniem, inspirowa\u0107.\r\n<br>\r\nSkontaktuj si\u0119 z nami i sprawd\u017a, jak Twoja firma mo\u017ce sta\u0107 si\u0119 cz\u0119\u015bci\u0105 historii o budowaniu \u201eresilient tech\u201d.<\/p>\t\r\n<a href=\"mailto:partners@proidea.pl\" target=\"_blank\" rel=\"noopener\" class=\"btn_a\"><div class=\"box\"><span class=\"btn_txt_reg\">KONTAKT<\/span><\/div><\/a>\t\r\n<\/div>\r\n<\/div>\r\n<\/section>\r\n\r\n<div data-label=\"ambasadorzy\" data-id=\"about--2\" data-export-id=\"ambasadorzy\" data-category=\"ambasadorzy\" class=\"speakers content-section content-section-spacing\" id=\"ambasadorzy\">\r\n<div class=\"gridContainer\">\r\n<div class=\"fluid\">\r\n<div class=\"row middle-sm text-center\">\r\n<div class=\"col-md-12\">\r\n<div class=\"row\">\r\n<div data-type=\"column\" class=\"\">\r\n<h2 class=\"bialy text-left stack_h2\">Ambasadorzy<\/h2>\r\n<\/div>\r\n<\/div>\r\n<ul class=\"evtr-speakers\">\r\n\t<li svelte-3013739429=\"\" id=\"evtr-speaker-61085\" class=\"evtr-speaker evtr-no-company\">\r\n\t\t<a href=\"https:\/\/bstack.pl\/pl\/ambasadorzy\/#woznowski\">\r\n\t\t\t<div class=\"zdjecie\">\r\n\t\t\t\t<img loading=\"lazy\" decoding=\"async\" width=\"500\" height=\"500\" class=\"evtr-photo\" src=\"\/wp-content\/uploads\/2025\/10\/woznowski.jpg\" >\r\n\t\t\t<\/div>\r\n\t\t\t<div class=\"name_container\">\r\n\t\t\t\t<div class=\"nazwisko\">\r\n\t\t\t\t\t<span class=\"evtr-first-name\">Zbigniew<\/span>\r\n\t\t\t\t\t<span class=\"evtr-last-name\">Woznowski<\/span>\r\n\t\t\t\t<\/div>\r\n\t\t\t\t<span class=\"evtr-company\"><img decoding=\"async\" class=\"rada_nar\" src=\"\/wp-content\/uploads\/2025\/10\/reality_logo.jpg\" alt=\"\" \/><\/span>\r\n\t\t\t<\/div>\r\n\t\t<\/a>\r\n\t<\/li>\r\n\t<li svelte-3013739429=\"\" id=\"evtr-speaker-61085\" class=\"evtr-speaker evtr-no-company\">\r\n\t\t<a href=\"https:\/\/bstack.pl\/pl\/ambasadorzy\/#musielak\">\r\n\t\t\t<div class=\"zdjecie\">\r\n\t\t\t\t<img loading=\"lazy\" decoding=\"async\" width=\"500\" height=\"500\" class=\"evtr-photo\" src=\"\/wp-content\/uploads\/2025\/10\/musielak.jpg\" >\r\n\t\t\t<\/div>\r\n\t\t\t<div class=\"name_container\">\r\n\t\t\t\t<div class=\"nazwisko\">\r\n\t\t\t\t\t<span class=\"evtr-first-name\">Borys<\/span>\r\n\t\t\t\t\t<span class=\"evtr-last-name\">Musielak<\/span>\r\n\t\t\t\t<\/div>\r\n\t\t\t\t<span class=\"evtr-company\"><img decoding=\"async\" class=\"rada_nar\" src=\"\/wp-content\/uploads\/2025\/10\/smok_ventures_logo.jpg\" alt=\"\" \/><\/span>\r\n\t\t\t<\/div>\r\n\t\t<\/a>\r\n\t<\/li>\r\n\t<li svelte-3013739429=\"\" id=\"evtr-speaker-61085\" class=\"evtr-speaker evtr-no-company\">\r\n\t\t<a href=\"https:\/\/bstack.pl\/pl\/ambasadorzy\/#Onyszko\">\r\n\t\t\t<div class=\"zdjecie\">\r\n\t\t\t\t<img loading=\"lazy\" decoding=\"async\" width=\"500\" height=\"500\" class=\"evtr-photo\" src=\"\/wp-content\/uploads\/2025\/10\/onyszko.jpg\" >\r\n\t\t\t<\/div>\r\n\t\t\t<div class=\"name_container\">\r\n\t\t\t\t<div class=\"nazwisko\">\r\n\t\t\t\t\t<span class=\"evtr-first-name\">Tomasz<\/span>\r\n\t\t\t\t\t<span class=\"evtr-last-name\">Onyszko<\/span>\r\n\t\t\t\t<\/div>\r\n\t\t\t\t<span class=\"evtr-company\"><img decoding=\"async\" class=\"rada_nar\" src=\"\/wp-content\/uploads\/2025\/10\/morning_coffee_logo.jpg\" alt=\"\" \/><\/span>\r\n\t\t\t<\/div>\r\n\t\t<\/a>\r\n\t<\/li>\r\n\t<br>\r\n       <li svelte-3013739429=\"\" id=\"evtr-speaker-61085\" class=\"evtr-speaker evtr-no-company\">\r\n\t\t<a href=\"https:\/\/bstack.pl\/pl\/ambasadorzy\/#Pawlus\">\r\n\t\t\t<div class=\"zdjecie\">\r\n\t\t\t\t<img loading=\"lazy\" decoding=\"async\" width=\"500\" height=\"500\" class=\"evtr-photo\" src=\"\/wp-content\/uploads\/2025\/11\/Konrad-Pawlus.jpg\" >\r\n\t\t\t<\/div>\r\n\t\t\t<div class=\"name_container\">\r\n\t\t\t\t<div class=\"nazwisko\">\r\n\t\t\t\t\t<span class=\"evtr-first-name\">Konrad <\/span>\r\n\t\t\t\t\t<span class=\"evtr-last-name\">Pawlus<\/span>\r\n\t\t\t\t<\/div>\r\n\t\t\t\t<span class=\"evtr-company\"><img decoding=\"async\" class=\"rada_nar\" src=\"\/wp-content\/uploads\/2025\/11\/brick_and_figs_logo.jpg\" alt=\"\" \/><\/span>\r\n\t\t\t<\/div>\r\n\t\t<\/a>\r\n\t<\/li>\r\n\t\r\n\t<li svelte-3013739429=\"\" id=\"evtr-speaker-61085\" class=\"evtr-speaker evtr-no-company\">\r\n\t\t<a href=\"https:\/\/bstack.pl\/pl\/ambasadorzy\/#Han\">\r\n\t\t\t<div class=\"zdjecie\">\r\n\t\t\t\t<img loading=\"lazy\" decoding=\"async\" width=\"500\" height=\"500\" class=\"evtr-photo\" src=\"\/wp-content\/uploads\/2025\/11\/Tomek_Han.jpg\" >\r\n\t\t\t<\/div>\r\n\t\t\t<div class=\"name_container\">\r\n\t\t\t\t<div class=\"nazwisko\">\r\n\t\t\t\t\t<span class=\"evtr-first-name\">Tomek <\/span>\r\n\t\t\t\t\t<span class=\"evtr-last-name\">Han<\/span>\r\n\t\t\t\t<\/div>\r\n\t\t\t\t<span class=\"evtr-company\"><img decoding=\"async\" class=\"rada_nar\" src=\"\/wp-content\/uploads\/2025\/11\/puffin_beans_logo.png\" alt=\"\" \/><\/span>\r\n\t\t\t<\/div>\r\n\t\t<\/a>\r\n\t<\/li>\r\n\t\r\n<\/ul>\r\n\r\n<\/div>\r\n<\/div>\r\n<\/div>\r\n<\/div>\r\n<\/div>\r\n\r\n<div class=\"content-section content-section-spacing light-mob\" data-overlap=\"true\" id=\"organizers\">\r\n<div class=\"gridContainer\">\r\n<div class=\"row\">\r\n\r\n<div class=\"col-md-12 row\" data-type=\"column\">\r\n\t<h2 class=\"zolty text-left\">Organizatorzy<\/h2>\r\n\t\r\n<div class=\"row\">\r\n\t<div class=\"col-md-6\"> <a href=\"https:\/\/bitspiration.vc\/ \" target=\"_blank\"><img decoding=\"async\" src=\"\/wp-content\/uploads\/2025\/09\/bitspiration_logo_new.png\" alt=\"\" loading=\"lazy\" class=\"logo_foot\"\/><\/a>\r\n\t\t<p class=\"p_organizer_foot\"><span class=\"podkreslennie_zolty\">BITSPIRATION<\/span> to firma venture capital oraz spo\u0142eczno\u015b\u0107 tworzona przez founder\u00f3w dla founder\u00f3w. Inwestujemy w ambitne startupy deep-tech i wspieramy je do\u015bwiadczeniem, kontaktami oraz bezkompromisow\u0105 szczero\u015bci\u0105. Nasza misja: pomaga\u0107 wytrwa\u0142ym zespo\u0142om przekuwa\u0107 trudne technologie w realny wp\u0142yw.<\/p>\r\n\t<\/div>\r\n\t\r\n\t<div class=\"col-md-6\"> <a href=\"https:\/\/proidea.pl\/\" target=\"_blank\"><img decoding=\"async\" src=\"\/wp-content\/uploads\/2025\/09\/proidea_logo.png\" alt=\"\" loading=\"lazy\" class=\"logo_foot\"\/><\/a>\r\n\t\t<p class=\"p_organizer_foot\"><span class=\"podkreslennie_zolty\">PROIDEA<\/span> to zesp\u00f3\u0142 ambitnych ludzi po\u0142\u0105czonych pasj\u0105 do \u015brodowiska IT i wieloletnim do\u015bwiadczeniem we wsp\u00f3\u0142pracy z bran\u017c\u0105 technologiczn\u0105. Zorganizujemy event lub hackathon, na kt\u00f3rym zrealizujesz swoje cele. Po\u0142\u0105czymy Ci\u0119 z ekspertami, firmami i spo\u0142eczno\u015bciami, na kt\u00f3rych Ci zale\u017cy. I zrobimy to dobrze.<\/p>\r\n\t<\/div>\r\n\t\r\n<\/div>\r\n<\/div>\r\n<\/div>\r\n<\/div>\r\n<\/div>\r\n\r\n<div id=\"kontakt\"><\/div>\r\n<div  class=\"footer-simple footer_PL \" style=\"background-color: #6fa8d8 !important; padding-top: 90px;\">\r\n    <div  class=\"footer-content center-xs\">\r\n        <div class=\"gridContainer\">\r\n\t\t\t<div class=\" content-section content-section-spacing \" data-overlap=\"true\" id=\"contact\">\r\n<div class=\"\">\r\n<div class=\"kontakt_sec\">\r\n\t\r\n<div class=\"col-md-12\">\r\n<h2 class=\"kontakt_h\">Kontakt<\/h2>\r\n\t\r\n<div class=\"row\">\r\n\t\r\n\t\t\r\n\t\r\n\t\r\n<div class=\"kont_container col-md-4\">\r\n<ul class=\"list-unstyled\">\r\n \t<li class=\"name\"><strong class=\"green_f\">KAMILA<br>LANGOWSKA<\/strong><\/li>\r\n \t<li class=\"foot_position\">Conference Manager<\/li>\r\n\t<li class=\"name\">tel. +48 605 177 768<\/li>\r\n \t<li class=\"name\"><a href=\"mailto:kamila.langowska@proidea.org.pl\">kamila.langowska@proidea.org.pl<\/a><\/li>\r\n<\/ul>\r\n<\/div>\t\r\n\t\r\n\t<div class=\"kont_container col-md-4\">\r\n\t\t\t<ul class=\"list-unstyled\">\r\n\t\t\t\t\t\t<li class=\"name\"><strong class=\"green_f\">ANNA<br>TARGOSZ<\/strong><\/li>\r\n\t\t\t\t\t\t<li class=\"foot_position\">Wsp\u00f3\u0142praca partnerska<\/li>\r\n\t\t\t\t\t\t<li class=\"name\">tel. +48 538 498 413<\/li>\r\n\t\t\t\t\t\t<li class=\"name\"><a href=\"mailto:anna@bitspiration.com\">anna@bitspiration.com<\/a><\/li>\r\n\t\t <\/ul>\r\n\t\t<\/div>\r\n\t<div class=\"kont_container col-md-4\">\r\n\t\t\t<ul class=\"list-unstyled\">\r\n\t\t\t\t\t\t<li class=\"name\"><strong class=\"green_f\">LAURA<br>TRAWI\u0143SKA<\/strong><\/li>\r\n\t\t\t\t\t\t<li class=\"foot_position\">Media &amp; Community<\/li>\r\n\t\t\t\t\t\t<li class=\"name\">tel. +48 792 098 006<\/li>\r\n\t\t\t\t\t\t<li class=\"name\"><a href=\"mailto:hello@dotsandstories.pro\">hello@dotsandstories.pro<\/a><\/li>\r\n\t\t <\/ul>\r\n\t\t<\/div>\r\n\t\r\n\t<div class=\"foot_separator\"><\/div>\r\n\t\r\n\t        \r\n\t\t  <div class=\"kont_container col-md-6\">\r\n\t\t\t <div data-type=\"group\" data-dynamic-mod=\"true\" class=\"footer-social-icons\">\r\n                      <a target=\"_blank\" class=\"social-icon\" href=\"https:\/\/www.facebook.com\/bitspirationstack \">\r\n                  <img decoding=\"async\" src=\"\/wp-content\/uploads\/2025\/09\/fb_icon.png\" alt=\"\" loading=\"lazy\" class=\"\">\r\n              <\/a>\r\n                            <a target=\"_blank\" class=\"social-icon\" href=\"https:\/\/x.com\/bitspiration \">\r\n                   <img decoding=\"async\" src=\"\/wp-content\/uploads\/2025\/09\/X_icon.png\" alt=\"\" loading=\"lazy\" class=\"\">\r\n              <\/a>\r\n\t\t\t\t                            <a target=\"_blank\" class=\"social-icon\" href=\"https:\/\/www.linkedin.com\/showcase\/bitspirationstack\/\">\r\n                   <img decoding=\"async\" src=\"\/wp-content\/uploads\/2025\/09\/linkedIn_icon.png\" alt=\"\" loading=\"lazy\" class=\"\">\r\n              <\/a>\r\n                     <a target=\"_blank\" class=\"social-icon\" href=\"https:\/\/www.instagram.com\/bitspiration_stack\/\">\r\n                   <img decoding=\"async\" src=\"\/wp-content\/uploads\/2025\/09\/INSTAGRAM-2.png\" alt=\"\" loading=\"lazy\" class=\"\">\r\n              <\/a>        \r\n              \r\n    <\/div>\r\n\t\t<\/div>\r\n\t\t\r\n\r\n\t\t\t\t\t<\/div>\r\n\r\n<\/div>\r\n\t\r\n\r\n<\/div>\r\n<\/div>\r\n<\/div>\r\n\t\t\t\r\n\t        <div class=\"row middle-xs footer-content-row\">\r\n\t            <div class=\"footer-content-col col-xs-12\">\r\n\t                   \r\n\t\t\t\t\t<div class=\"row footer_4dev\">\r\n\r\n<\/div>\r\n\t            <\/div>\r\n\t        <\/div>\r\n\t    <\/div>\r\n    <\/div>\r\n<\/div>\r\n","protected":false},"excerpt":{"rendered":"<p>Buildtosurvive Resilient Tech. Bitspiration Stack to dwa dni dla ludzi, kt\u00f3rzy naprawd\u0119 staraj\u0105 si\u0119 \u201cco\u015b\u201d zbudowa\u0107. Tech-Founder\u00f3w i CTO, kt\u00f3rzy marz\u0105c o unicornach, wiedz\u0105, \u017ce zanim w stajni zobacz\u0105 jednoro\u017cca, czeka ich pot, \u0142zy, nieprzespane noce i ci\u0105g\u0142a walka, by produkt dzia\u0142a\u0142. Stary Dworzec PKP Krak\u00f3w G\u0142\u00f3wny, 27-28.11.2025 REJESTRACJA What\u2019s in the Stack Startup to<a class=\"moretag\" href=\"https:\/\/bstack.pl\/pl\/\"> Wi\u0119cej&#8230;<\/a><\/p>\n","protected":false},"author":1,"featured_media":0,"parent":0,"menu_order":0,"comment_status":"closed","ping_status":"closed","template":"page-templates\/homepage.php","meta":{"footnotes":""},"class_list":["post-3110","page","type-page","status-publish","hentry"],"_links":{"self":[{"href":"https:\/\/bstack.pl\/pl\/wp-json\/wp\/v2\/pages\/3110","targetHints":{"allow":["GET"]}}],"collection":[{"href":"https:\/\/bstack.pl\/pl\/wp-json\/wp\/v2\/pages"}],"about":[{"href":"https:\/\/bstack.pl\/pl\/wp-json\/wp\/v2\/types\/page"}],"author":[{"embeddable":true,"href":"https:\/\/bstack.pl\/pl\/wp-json\/wp\/v2\/users\/1"}],"replies":[{"embeddable":true,"href":"https:\/\/bstack.pl\/pl\/wp-json\/wp\/v2\/comments?post=3110"}],"version-history":[{"count":24,"href":"https:\/\/bstack.pl\/pl\/wp-json\/wp\/v2\/pages\/3110\/revisions"}],"predecessor-version":[{"id":3233,"href":"https:\/\/bstack.pl\/pl\/wp-json\/wp\/v2\/pages\/3110\/revisions\/3233"}],"wp:attachment":[{"href":"https:\/\/bstack.pl\/pl\/wp-json\/wp\/v2\/media?parent=3110"}],"curies":[{"name":"wp","href":"https:\/\/api.w.org\/{rel}","templated":true}]}}