{"id":3189,"date":"2025-10-28T11:56:08","date_gmt":"2025-10-28T10:56:08","guid":{"rendered":"https:\/\/bstack.pl\/ambassadors\/"},"modified":"2025-11-25T12:21:38","modified_gmt":"2025-11-25T11:21:38","slug":"ambasadorzy","status":"publish","type":"page","link":"https:\/\/bstack.pl\/pl\/ambasadorzy\/","title":{"rendered":"Ambasadorzy"},"content":{"rendered":"<section class=\"s-rada\" style=\"margin-top:90px\">\n<div class=\"container\" style=\"margin-bottom: 0px;\">\n<div class=\"row r-80\">\n<div id=\"Woznowski\" class=\"row s-rada-p\">\n<div class=\"col-md-12 rad-bg\"><\/div>\n<div class=\"col-md-3 z-2\"><img decoding=\"async\" class=\"img-rada\" src=\"\/wp-content\/uploads\/2025\/10\/woznowski.jpg\" \/><\/div>\n<div class=\"col-md-9 z-2\">\n<div class=\"wrapper\">\n<div class=\"head\">\n<h3 class=\"naz-rada\">Zbigniew Woznowski<\/h3>\n<p><img decoding=\"async\" class=\"rada_nar\" src=\"\/wp-content\/uploads\/2025\/10\/reality_logo.jpg\" alt=\"\" \/>\n<\/div>\n<p class=\"p_marka\">Prezes zarz\u0105du i wsp\u00f3\u0142za\u0142o\u017cyciel Reality Games \u2014 to seryjny przedsi\u0119biorca z wykszta\u0142ceniem prawniczym, administracyjnym i mened\u017cerskim (Uniwersytet Jagiello\u0144ski w Krakowie). Zbudowa\u0142 i prowadzi\u0142 Supremum 360, konsorcjum marketingowe z\u0142o\u017cone z trzech firm zatrudniaj\u0105cych 60 os\u00f3b, kt\u00f3re rozwija\u0142 samodzielnie przez 12 lat, a nast\u0119pnie z sukcesem sprzeda\u0142.<\/p>\n<p>Zbigniew pe\u0142ni\u0142 r\u00f3wnie\u017c funkcj\u0119 dyrektora Programu Promocji Polski 2020 w Instytucie Ko\u015bciuszki w Krakowie, gdzie kierowa\u0142 pracami nad stworzeniem sp\u00f3jnej strategii promocji kraju \u2014 \u0142\u0105cz\u0105cej biznes, turystyk\u0119 i kultur\u0119 \u2014 oraz zajmowa\u0142 si\u0119 wizerunkiem narodowym i pozycjonowaniem marki Polski.<\/p>\n<p>Obecnie stoi na czele Reality Games \u2014 studia gier mobilnych opartego na danych, kt\u00f3rego produkcje dotar\u0142y do ponad 30 milion\u00f3w graczy na ca\u0142ym \u015bwiecie. Ich flagowy tytu\u0142, Landlord: Real Estate Tycoon, odni\u00f3s\u0142 globalny sukces, a Zbigniew przewodzi \u015bwiatowej premierze Monopoly World \u2014 nowej generacji gry mobilnej opartej na geolokalizacji, stworzonej we wsp\u00f3\u0142pracy z firm\u0105 Hasbro.<\/p>\n<\/div>\n<\/div>\n<\/div>\n<div id=\"Musielak\" class=\"row s-rada-p\">\n<div class=\"col-md-12 rad-bg\"><\/div>\n<div class=\"col-md-3 z-2\"><img decoding=\"async\" class=\"img-rada\" src=\"\/wp-content\/uploads\/2025\/10\/musielak.jpg\" \/><\/div>\n<div class=\"col-md-9 z-2\">\n<div class=\"wrapper\">\n<div class=\"head\">\n<h3 class=\"naz-rada\">Borys Musielak<\/h3>\n<p><img decoding=\"async\" class=\"rada_nar\" src=\"\/wp-content\/uploads\/2025\/10\/smok_ventures_logo.jpg\" alt=\"\" \/>\n<\/div>\n<p class=\"p_marka\">\nWsp\u00f3\u0142tw\u00f3rca i partner zarz\u0105dzaj\u0105cy w SMOK Ventures, funduszu venture capital, kt\u00f3ry \u0142\u0105czy polskie i europejskie startupy z Dolin\u0105 Krzemow\u0105.<\/p>\n<p>Tw\u00f3rca firmy Filmaster, dostarczaj\u0105cej silnik rekomendacji tre\u015bci, kupionej w 2015 przez ameryka\u0144sk\u0105 Samba TV, gdzie przez cztery lata, jako szef operacji oraz produktu w Europie zbudowa\u0142 40-osobowy zesp\u00f3\u0142 in\u017cynier\u00f3w oraz wprowadzi\u0142 produkty firmy na rynek brytyjski i niemiecki.<\/p>\n<p>Wsp\u00f3\u0142tw\u00f3rca warszawskiego Reaktora, coworkingowego centrum dla startup\u00f3w oraz programu pre-akceleracyjnego ReaktorX, kt\u00f3ry pom\u00f3g\u0142 ponad 200 pocz\u0105tkuj\u0105cym przedsi\u0119biorcom wystartowa\u0107 sw\u00f3j biznes. Jeden z pomys\u0142odawc\u00f3w Fundacji Startup Poland, think tanku b\u0119d\u0105cego g\u0142osem polskich startup\u00f3w.<\/p>\n<p>Przed za\u0142o\u017ceniem w\u0142asnego biznesu, pracowa\u0142 jako programista, konsultant i project manager w startupach i korporacjach w Polsce (EO Networks u Stefana Batorego, empolis), Niemczech (CoCoNet) i Wielkiej Brytanii (Rule Financial).<\/p>\n<p>Absolwent Polsko-Japo\u0144skiej Akademii Technik Komputerowych, kt\u00f3r\u0105 uko\u0144czy\u0142 z wyr\u00f3\u017cnieniem w 2004 roku.<\/p>\n<p>Kreatywny w biznesie wg magazynu BRIEF. Mentor w programie Founder Institute Eastern Europe.<\/p>\n<p>Maniak filmowy. Kibic koszyk\u00f3wki NBA i koszykarz-amator. Pisze o biznesie i nie tylko na blogu borys.musielak.eu oraz na Twitterze jako @michuk.\n<\/p>\n<\/div>\n<\/div>\n<\/div>\n<div id=\"Onyszko\" class=\"row s-rada-p\">\n<div class=\"col-md-12 rad-bg\"><\/div>\n<div class=\"col-md-3 z-2\"><img decoding=\"async\" class=\"img-rada\" src=\"\/wp-content\/uploads\/2025\/10\/onyszko.jpg\" \/><\/div>\n<div class=\"col-md-9 z-2\">\n<div class=\"wrapper\">\n<div class=\"head\">\n<h3 class=\"naz-rada\">Tomasz Onyszko<\/h3>\n<p><img decoding=\"async\" class=\"rada_nar\" src=\"\/wp-content\/uploads\/2025\/10\/morning_coffee_logo.jpg\" alt=\"\" \/><\/p>\n<\/div>\n<p class=\"p_marka\">Wsp\u00f3\u0142za\u0142o\u017cyciel Predica Group \u2013 firmy zajmuj\u0105cej si\u0119 us\u0142ugami w obszarze chmury. Jako CTO i doradca pomaga\u0142em rozwin\u0105\u0107 firm\u0119 do przychod\u00f3w liczonych w dziewi\u0119cio cyfrowych liczbach z ponad 400 osobami, dzia\u0142aj\u0105cej w sze\u015bciu krajach. W 2022 roku sprzedali\u015bmy firm\u0119. Od tego czasu host podcastu CTO Morning Coffee, doradca dla CEO\/CTO w firmach i jak zawsze komentator rzeczywisto\u015bci. <\/p>\n<p>Staram si\u0119 \u0142\u0105czy\u0107 do\u015bwiadczenie w bran\u017cy tech, do\u015bwiadczenie w budowaniu organizacji i firmy, z technologi\u0105 i strategi\u0105. Mam opini\u0119, i nie zawaham si\u0119 jej u\u017cy\u0107.\n<\/p>\n<\/div>\n<\/div>\n<\/div>\n<div id=\"Pawlus\" class=\"row s-rada-p\">\n<div class=\"col-md-12 rad-bg\"><\/div>\n<div class=\"col-md-3 z-2\"><img decoding=\"async\" class=\"img-rada\" src=\"\/wp-content\/uploads\/2025\/11\/Konrad-Pawlus.jpg\" \/><\/div>\n<div class=\"col-md-9 z-2\">\n<div class=\"wrapper\">\n<div class=\"head\">\n<h3 class=\"naz-rada\">Konrad Pawlus<\/h3>\n<p><img decoding=\"async\" class=\"rada_nar\" src=\"\/wp-content\/uploads\/2025\/11\/brick_and_figs_logo.jpg\" alt=\"\" \/><\/p>\n<\/div>\n<p class=\"p_marka\">Konrad planowa\u0142 programowa\u0107 do ko\u0144ca \u017cycia, ale przypadkiem wsp\u00f3\u0142za\u0142o\u017cy\u0142 SALESmanago \u2014 3\u2019ci\u0105 co do wielko\u015bci platform\u0119 CDP\/XP w Europie, kt\u00f3re uros\u0142o do 400-osobowej firmy. Po exicie doradza startupom, audytuje technologie dla VC i zamienia AI oraz obliczenia kwantowe w produkty, kt\u00f3re naprawd\u0119 si\u0119 sprzedaj\u0105.<\/p>\n<p>W praktyce rozwija oprogramowanie wy\u0142\u0105cznie z AI \u2014 traktuje LLM-y jak partner\u00f3w w pair-programming i zmienia spos\u00f3b pracy zespo\u0142\u00f3w oraz dowo\u017cenia rozwi\u0105za\u0144. <\/p>\n<p>Ma ograniczon\u0105 cierpliwo\u015b\u0107 do \u201eguru AI z LinkedIna\u201d, kt\u00f3rzy wol\u0105 publikowa\u0107 posty ni\u017c dowozi\u0107 wyniki.\n<\/p>\n<\/div>\n<\/div>\n<\/div>\n<div id=\"Han\" class=\"row s-rada-p\">\n<div class=\"col-md-12 rad-bg\"><\/div>\n<div class=\"col-md-3 z-2\"><img decoding=\"async\" class=\"img-rada\" src=\"\/wp-content\/uploads\/2025\/11\/Tomek_Han.jpg\" \/><\/div>\n<div class=\"col-md-9 z-2\">\n<div class=\"wrapper\">\n<div class=\"head\">\n<h3 class=\"naz-rada\">Tomek Han<\/h3>\n<p><a href=\"https:\/\/puffinbeans.com\/\" target=\"_blank\"><img decoding=\"async\" class=\"rada_nar\" src=\"\/wp-content\/uploads\/2025\/11\/puffin_beans_logo.png\" alt=\"\" \/><\/a><\/p>\n<\/div>\n<p class=\"p_marka\">Puffin Beans to rzemie\u015blnicza palarnia kawy stworzona przez Tomka Hana, pasjonata. Tomek stawia na \u015bwiadome \u017ar\u00f3d\u0142a, precyzyjny wypa\u0142 i zero kompromis\u00f3w. Puffin Beans to prosta filozofia: kawa speciality, kt\u00f3ra smakuje codziennie, nie tylko od \u015bwi\u0119ta. Autentyczna, przemy\u015blana i naprawd\u0119 dobra.<\/p>\n<\/div>\n<\/div>\n<\/div>\n<\/div>\n<\/div>\n<\/section>\n","protected":false},"excerpt":{"rendered":"<p>Zbigniew Woznowski Prezes zarz\u0105du i wsp\u00f3\u0142za\u0142o\u017cyciel Reality Games \u2014 to seryjny przedsi\u0119biorca z wykszta\u0142ceniem prawniczym, administracyjnym i mened\u017cerskim (Uniwersytet Jagiello\u0144ski w Krakowie). Zbudowa\u0142 i prowadzi\u0142 Supremum 360, konsorcjum marketingowe z\u0142o\u017cone z trzech firm zatrudniaj\u0105cych 60 os\u00f3b, kt\u00f3re rozwija\u0142 samodzielnie przez 12 lat, a nast\u0119pnie z sukcesem sprzeda\u0142. Zbigniew pe\u0142ni\u0142 r\u00f3wnie\u017c funkcj\u0119 dyrektora Programu Promocji Polski<a class=\"moretag\" href=\"https:\/\/bstack.pl\/pl\/ambasadorzy\/\"> Wi\u0119cej&#8230;<\/a><\/p>\n","protected":false},"author":1,"featured_media":0,"parent":0,"menu_order":0,"comment_status":"closed","ping_status":"closed","template":"","meta":{"footnotes":""},"class_list":["post-3189","page","type-page","status-publish","hentry"],"_links":{"self":[{"href":"https:\/\/bstack.pl\/pl\/wp-json\/wp\/v2\/pages\/3189","targetHints":{"allow":["GET"]}}],"collection":[{"href":"https:\/\/bstack.pl\/pl\/wp-json\/wp\/v2\/pages"}],"about":[{"href":"https:\/\/bstack.pl\/pl\/wp-json\/wp\/v2\/types\/page"}],"author":[{"embeddable":true,"href":"https:\/\/bstack.pl\/pl\/wp-json\/wp\/v2\/users\/1"}],"replies":[{"embeddable":true,"href":"https:\/\/bstack.pl\/pl\/wp-json\/wp\/v2\/comments?post=3189"}],"version-history":[{"count":5,"href":"https:\/\/bstack.pl\/pl\/wp-json\/wp\/v2\/pages\/3189\/revisions"}],"predecessor-version":[{"id":3229,"href":"https:\/\/bstack.pl\/pl\/wp-json\/wp\/v2\/pages\/3189\/revisions\/3229"}],"wp:attachment":[{"href":"https:\/\/bstack.pl\/pl\/wp-json\/wp\/v2\/media?parent=3189"}],"curies":[{"name":"wp","href":"https:\/\/api.w.org\/{rel}","templated":true}]}}